{"id":1008,"date":"2024-06-13T18:27:24","date_gmt":"2024-06-13T18:27:24","guid":{"rendered":"https:\/\/casadeterror.com\/?page_id=1008"},"modified":"2024-07-27T23:40:53","modified_gmt":"2024-07-27T23:40:53","slug":"guia-para-casas-de-terror","status":"publish","type":"page","link":"https:\/\/casadeterror.com\/?page_id=1008","title":{"rendered":"Gu\u00eda impresa"},"content":{"rendered":"\n<p><strong>&#8220;C\u00f3mo Crear una Casa de Terror y No Morir en el Intento&#8221; <\/strong>es una gu\u00eda completa dise\u00f1ada para entusiastas y profesionales que desean adentrarse en el emocionante mundo de las casas de terror. Esta gu\u00eda ofrece un recorrido detallado por cada etapa de la creaci\u00f3n y operaci\u00f3n de una casa de terror, desde la planificaci\u00f3n inicial hasta la ejecuci\u00f3n y mejora continua.<\/p>\n\n\n\n<ul class=\"wp-block-list\">\n<li><strong>ISBN:<\/strong> 9798331200855<\/li>\n\n\n\n<li><strong>Idioma:<\/strong> Espa\u00f1ol<\/li>\n<\/ul>\n\n\n\n<div class=\"wp-block-buttons is-content-justification-center is-layout-flex wp-container-core-buttons-is-layout-16018d1d wp-block-buttons-is-layout-flex\">\n<div class=\"wp-block-button\"><a class=\"wp-block-button__link wp-element-button\" href=\"https:\/\/www.blurb.com\/b\/12031101-c-mo-crear-una-casa-de-terror-y-no-morir-en-el-in\" target=\"_blank\" rel=\"noreferrer noopener\">Comprar Gu\u00eda<\/a><\/div>\n<\/div>\n","protected":false},"excerpt":{"rendered":"<p>&#8220;C\u00f3mo Crear una Casa de Terror y No Morir en el Intento&#8221; es una gu\u00eda completa dise\u00f1ada para entusiastas y profesionales que desean adentrarse en el emocionante mundo de las casas de terror. Esta gu\u00eda ofrece un recorrido detallado por cada etapa de la creaci\u00f3n y operaci\u00f3n de una casa de terror, desde la planificaci\u00f3n inicial hasta la ejecuci\u00f3n y mejora continua.<\/p>\n","protected":false},"author":1,"featured_media":1009,"parent":0,"menu_order":0,"comment_status":"open","ping_status":"closed","template":"","meta":{"footnotes":""},"class_list":["post-1008","page","type-page","status-publish","has-post-thumbnail","hentry"],"acf":[],"_links":{"self":[{"href":"https:\/\/casadeterror.com\/index.php?rest_route=\/wp\/v2\/pages\/1008","targetHints":{"allow":["GET"]}}],"collection":[{"href":"https:\/\/casadeterror.com\/index.php?rest_route=\/wp\/v2\/pages"}],"about":[{"href":"https:\/\/casadeterror.com\/index.php?rest_route=\/wp\/v2\/types\/page"}],"author":[{"embeddable":true,"href":"https:\/\/casadeterror.com\/index.php?rest_route=\/wp\/v2\/users\/1"}],"replies":[{"embeddable":true,"href":"https:\/\/casadeterror.com\/index.php?rest_route=%2Fwp%2Fv2%2Fcomments&post=1008"}],"version-history":[{"count":3,"href":"https:\/\/casadeterror.com\/index.php?rest_route=\/wp\/v2\/pages\/1008\/revisions"}],"predecessor-version":[{"id":1094,"href":"https:\/\/casadeterror.com\/index.php?rest_route=\/wp\/v2\/pages\/1008\/revisions\/1094"}],"wp:featuredmedia":[{"embeddable":true,"href":"https:\/\/casadeterror.com\/index.php?rest_route=\/wp\/v2\/media\/1009"}],"wp:attachment":[{"href":"https:\/\/casadeterror.com\/index.php?rest_route=%2Fwp%2Fv2%2Fmedia&parent=1008"}],"curies":[{"name":"wp","href":"https:\/\/api.w.org\/{rel}","templated":true}]}}