{"id":55,"date":"2023-08-30T23:52:04","date_gmt":"2023-08-30T23:52:04","guid":{"rendered":"https:\/\/casadeterror.com\/?page_id=55"},"modified":"2024-10-04T15:44:22","modified_gmt":"2024-10-04T20:44:22","slug":"casa-de-terror","status":"publish","type":"page","link":"https:\/\/casadeterror.com\/","title":{"rendered":"Advertencia"},"content":{"rendered":"<div id=\"audioigniter-588\" class=\"audioigniter-root \" data-player-type=\"full\" data-tracks-url=\"https:\/\/casadeterror.com\/?audioigniter_playlist_id=588\" data-display-track-no=\"false\" data-reverse-track-order=\"false\" data-display-tracklist-covers=\"true\" data-display-active-cover=\"true\" data-display-artist-names=\"true\" data-display-buy-buttons=\"false\" data-buy-buttons-target=\"false\" data-cycle-tracks=\"false\" data-display-credits=\"false\" data-display-tracklist=\"false\" data-allow-tracklist-toggle=\"false\" data-allow-tracklist-loop=\"true\" data-limit-tracklist-height=\"true\" data-volume=\"100\" data-tracklist-height=\"185\" ><\/div>\n\n\n\n<p class=\"has-text-align-center\"><strong>\u00a1Somos el destino perfecto para los verdaderos amantes del terror! Aqu\u00ed encontrar\u00e1s todo lo que necesitas para hacer de tu celebraci\u00f3n una experiencia espeluznante, con una amplia selecci\u00f3n de animatronics, decoraciones digitales, disfraces y mucho m\u00e1s, gracias a nuestras alianzas con AtmosFX y Halloween Costumes. Adem\u00e1s, somos apasionados del g\u00e9nero y creamos contenido exclusivo, desde relatos escalofriantes hasta memes y rese\u00f1as de pel\u00edculas de horror. Ya sea que busques inspirarte para tu pr\u00f3xima fiesta o sumergirte en historias aterradoras.<\/strong><\/p>\n\n\n\n<figure class=\"wp-block-gallery has-nested-images columns-default is-cropped wp-block-gallery-1 is-layout-flex wp-block-gallery-is-layout-flex\">\n<figure class=\"wp-block-image\"><img decoding=\"async\" src=\"http:\/\/casadeterror.com\/wp-content\/uploads\/2023\/09\/Untitled-38-1024x1024.png\" alt=\"Esta imagen tiene un atributo ALT vac\u00edo; su nombre de archivo es Untitled-38-1024x1024.png\"\/><\/figure>\n\n\n\n<figure class=\"wp-block-image size-large\"><img loading=\"lazy\" decoding=\"async\" width=\"1024\" height=\"1024\" data-id=\"216\" src=\"https:\/\/casadeterror.com\/wp-content\/uploads\/2023\/08\/Untitled-17-1024x1024.png\" alt=\"\" class=\"wp-image-216\" srcset=\"https:\/\/casadeterror.com\/wp-content\/uploads\/2023\/08\/Untitled-17-1024x1024.png 1024w, https:\/\/casadeterror.com\/wp-content\/uploads\/2023\/08\/Untitled-17-300x300.png 300w, https:\/\/casadeterror.com\/wp-content\/uploads\/2023\/08\/Untitled-17-150x150.png 150w, https:\/\/casadeterror.com\/wp-content\/uploads\/2023\/08\/Untitled-17-768x768.png 768w, https:\/\/casadeterror.com\/wp-content\/uploads\/2023\/08\/Untitled-17-210x210.png 210w, https:\/\/casadeterror.com\/wp-content\/uploads\/2023\/08\/Untitled-17.png 1080w\" sizes=\"auto, (max-width: 1024px) 100vw, 1024px\" \/><\/figure>\n\n\n\n<figure class=\"wp-block-image size-large\"><img loading=\"lazy\" decoding=\"async\" width=\"1024\" height=\"1024\" data-id=\"214\" src=\"https:\/\/casadeterror.com\/wp-content\/uploads\/2023\/08\/Untitled-15-1024x1024.png\" alt=\"\" class=\"wp-image-214\" srcset=\"https:\/\/casadeterror.com\/wp-content\/uploads\/2023\/08\/Untitled-15-1024x1024.png 1024w, https:\/\/casadeterror.com\/wp-content\/uploads\/2023\/08\/Untitled-15-300x300.png 300w, https:\/\/casadeterror.com\/wp-content\/uploads\/2023\/08\/Untitled-15-150x150.png 150w, https:\/\/casadeterror.com\/wp-content\/uploads\/2023\/08\/Untitled-15-768x768.png 768w, https:\/\/casadeterror.com\/wp-content\/uploads\/2023\/08\/Untitled-15-210x210.png 210w, https:\/\/casadeterror.com\/wp-content\/uploads\/2023\/08\/Untitled-15.png 1080w\" sizes=\"auto, (max-width: 1024px) 100vw, 1024px\" \/><\/figure>\n<\/figure>\n\n\n\n<p><\/p>\n\n\n\n<p class=\"has-text-align-center\"><strong><mark style=\"background-color:rgba(0, 0, 0, 0)\" class=\"has-inline-color has-white-color\">Si est\u00e1s pensando en montar tu propia casa de terror, no puedes perderte nuestra secci\u00f3n de <a href=\"https:\/\/casadeterror.com\/index.php\/consejos-de-terror\/\" title=\"\">&#8220;Consejos de Terror&#8221;<\/a>. Aqu\u00ed, encontrar\u00e1s una gu\u00eda completa que te ayudar\u00e1 a evitar dolores de cabeza y te dar\u00e1 todas las herramientas necesarias para crear una casa de terror inolvidable.<\/mark><\/strong><\/p>\n\n\n\n<p class=\"has-text-align-center has-black-background-color has-background\"><em><strong><mark style=\"background-color:rgba(0, 0, 0, 0);color:#8b0304\" class=\"has-inline-color\">\u00a1No te pierdas las recomendaciones de la casa de terror y prep\u00e1rate para vivir una experiencia espeluznante!<\/mark><\/strong><\/em><\/p>\n\n\n\n<figure class=\"wp-block-gallery has-nested-images columns-default is-cropped wp-block-gallery-2 is-layout-flex wp-block-gallery-is-layout-flex\">\n<figure class=\"wp-block-image size-large\"><img loading=\"lazy\" decoding=\"async\" width=\"512\" height=\"512\" data-id=\"195\" src=\"https:\/\/casadeterror.com\/wp-content\/uploads\/2023\/08\/Hotpot-6.png\" alt=\"\" class=\"wp-image-195\" srcset=\"https:\/\/casadeterror.com\/wp-content\/uploads\/2023\/08\/Hotpot-6.png 512w, https:\/\/casadeterror.com\/wp-content\/uploads\/2023\/08\/Hotpot-6-300x300.png 300w, https:\/\/casadeterror.com\/wp-content\/uploads\/2023\/08\/Hotpot-6-150x150.png 150w, https:\/\/casadeterror.com\/wp-content\/uploads\/2023\/08\/Hotpot-6-210x210.png 210w\" sizes=\"auto, (max-width: 512px) 100vw, 512px\" \/><\/figure>\n\n\n\n<figure class=\"wp-block-image size-large\"><img loading=\"lazy\" decoding=\"async\" width=\"512\" height=\"512\" data-id=\"194\" src=\"https:\/\/casadeterror.com\/wp-content\/uploads\/2023\/08\/Hotpot-5.png\" alt=\"\" class=\"wp-image-194\" srcset=\"https:\/\/casadeterror.com\/wp-content\/uploads\/2023\/08\/Hotpot-5.png 512w, https:\/\/casadeterror.com\/wp-content\/uploads\/2023\/08\/Hotpot-5-300x300.png 300w, https:\/\/casadeterror.com\/wp-content\/uploads\/2023\/08\/Hotpot-5-150x150.png 150w, https:\/\/casadeterror.com\/wp-content\/uploads\/2023\/08\/Hotpot-5-210x210.png 210w\" sizes=\"auto, (max-width: 512px) 100vw, 512px\" \/><\/figure>\n\n\n\n<figure class=\"wp-block-image size-large\"><img loading=\"lazy\" decoding=\"async\" width=\"512\" height=\"512\" data-id=\"192\" src=\"https:\/\/casadeterror.com\/wp-content\/uploads\/2023\/08\/Hotpot-3.png\" alt=\"\" class=\"wp-image-192\" srcset=\"https:\/\/casadeterror.com\/wp-content\/uploads\/2023\/08\/Hotpot-3.png 512w, https:\/\/casadeterror.com\/wp-content\/uploads\/2023\/08\/Hotpot-3-300x300.png 300w, https:\/\/casadeterror.com\/wp-content\/uploads\/2023\/08\/Hotpot-3-150x150.png 150w, https:\/\/casadeterror.com\/wp-content\/uploads\/2023\/08\/Hotpot-3-210x210.png 210w\" sizes=\"auto, (max-width: 512px) 100vw, 512px\" \/><\/figure>\n<\/figure>\n","protected":false},"excerpt":{"rendered":"<p>\u00a1Somos el destino perfecto para los verdaderos amantes del terror! Aqu\u00ed encontrar\u00e1s todo lo que necesitas para hacer de tu celebraci\u00f3n una experiencia espeluznante, con una amplia selecci\u00f3n de animatronics, decoraciones digitales, disfraces y mucho m\u00e1s, gracias a nuestras alianzas con AtmosFX y Halloween Costumes. Adem\u00e1s, somos apasionados del g\u00e9nero y creamos contenido exclusivo, desde relatos escalofriantes hasta memes y rese\u00f1as de pel\u00edculas de horror. Ya sea que busques inspirarte para tu pr\u00f3xima fiesta o sumergirte en historias aterradoras. Si est\u00e1s pensando en montar tu propia casa de terror, no puedes perderte nuestra secci\u00f3n de &#8220;Consejos de Terror&#8221;. Aqu\u00ed, encontrar\u00e1s una gu\u00eda completa que te ayudar\u00e1 a evitar dolores de cabeza y te dar\u00e1 todas las herramientas necesarias para crear una casa de terror inolvidable. \u00a1No te pierdas las recomendaciones de la casa de terror y prep\u00e1rate para vivir una experiencia espeluznante!<\/p>\n","protected":false},"author":1,"featured_media":0,"parent":0,"menu_order":0,"comment_status":"closed","ping_status":"closed","template":"","meta":{"footnotes":""},"class_list":["post-55","page","type-page","status-publish","hentry"],"acf":[],"_links":{"self":[{"href":"https:\/\/casadeterror.com\/index.php?rest_route=\/wp\/v2\/pages\/55","targetHints":{"allow":["GET"]}}],"collection":[{"href":"https:\/\/casadeterror.com\/index.php?rest_route=\/wp\/v2\/pages"}],"about":[{"href":"https:\/\/casadeterror.com\/index.php?rest_route=\/wp\/v2\/types\/page"}],"author":[{"embeddable":true,"href":"https:\/\/casadeterror.com\/index.php?rest_route=\/wp\/v2\/users\/1"}],"replies":[{"embeddable":true,"href":"https:\/\/casadeterror.com\/index.php?rest_route=%2Fwp%2Fv2%2Fcomments&post=55"}],"version-history":[{"count":50,"href":"https:\/\/casadeterror.com\/index.php?rest_route=\/wp\/v2\/pages\/55\/revisions"}],"predecessor-version":[{"id":1157,"href":"https:\/\/casadeterror.com\/index.php?rest_route=\/wp\/v2\/pages\/55\/revisions\/1157"}],"wp:attachment":[{"href":"https:\/\/casadeterror.com\/index.php?rest_route=%2Fwp%2Fv2%2Fmedia&parent=55"}],"curies":[{"name":"wp","href":"https:\/\/api.w.org\/{rel}","templated":true}]}}