{"id":63,"date":"2023-08-31T00:04:41","date_gmt":"2023-08-31T00:04:41","guid":{"rendered":"https:\/\/casadeterror.com\/?page_id=63"},"modified":"2023-09-25T22:23:20","modified_gmt":"2023-09-25T22:23:20","slug":"atmosfx","status":"publish","type":"page","link":"https:\/\/casadeterror.com\/?page_id=63","title":{"rendered":"Decoraciones"},"content":{"rendered":"<div class=\"wp-block-image\">\n<figure class=\"aligncenter size-full\"><a href=\"https:\/\/atmosfx.com\/?rfsn=7429509.6a8340&amp;utm_source=refersion&amp;utm_medium=affiliate&amp;utm_campaign=7429509.6a8340\" target=\"_blank\" rel=\"https:\/\/atmosfx.com\/?rfsn=7429509.6a8340&amp;utm_source=refersion&amp;utm_medium=affiliate&amp;utm_campaign=7429509.6a8340 noopener\"><img loading=\"lazy\" decoding=\"async\" width=\"275\" height=\"75\" src=\"https:\/\/casadeterror.com\/wp-content\/uploads\/2023\/08\/AFX_Wordmark_NEW-Tag-Short-CLR.png\" alt=\"\" class=\"wp-image-64\" srcset=\"https:\/\/casadeterror.com\/wp-content\/uploads\/2023\/08\/AFX_Wordmark_NEW-Tag-Short-CLR.png 275w, https:\/\/casadeterror.com\/wp-content\/uploads\/2023\/08\/AFX_Wordmark_NEW-Tag-Short-CLR-210x57.png 210w\" sizes=\"auto, (max-width: 275px) 100vw, 275px\" \/><\/a><\/figure>\n<\/div>\n\n\n<hr class=\"wp-block-separator has-alpha-channel-opacity\"\/>\n\n\n\n<p>AtmosFX crea decoraciones que inspiran y empoderan a las personas para decorar de manera audaz y creativa; compartiendo en las numerosas celebraciones m\u00e1gicas de la vida.<\/p>\n\n\n\n<figure class=\"wp-block-video\"><video height=\"1080\" style=\"aspect-ratio: 1920 \/ 1080;\" width=\"1920\" controls src=\"https:\/\/casadeterror.com\/wp-content\/uploads\/2023\/08\/BoneChillers.mp4\"><\/video><\/figure>\n\n\n\n<hr class=\"wp-block-separator has-alpha-channel-opacity\"\/>\n\n\n\n<p>AtmosFX es una empresa con sede en Seattle que aspira a cambiar dr\u00e1sticamente la forma en que las personas decoran sus hogares, oficinas, y pr\u00e1cticamente cualquier lugar, para festividades, fiestas y ocasiones especiales de todas las formas y tama\u00f1os. A trav\u00e9s del uso de personajes bellamente animados, historias, efectos visuales y atm\u00f3sferas, las Decoraciones Digitales AtmosFX son una manera ingeniosa y f\u00e1cil de decorar en cualquier lugar, en cualquier \u00e9poca del a\u00f1o. Infinitamente vers\u00e1til y entretenido, AtmosFX ofrece una variedad de decoraciones innovadoras de calidad hollywoodense que pueden ser vistas en cualquier televisor o monitor, y proyectadas en superficies como ventanas, paredes, \u00a1incluso en el aire mismo!<\/p>\n\n\n\n<div class=\"wp-block-buttons is-content-justification-center is-layout-flex wp-container-core-buttons-is-layout-16018d1d wp-block-buttons-is-layout-flex\">\n<div class=\"wp-block-button\"><a class=\"wp-block-button__link wp-element-button\" href=\"https:\/\/atmosfx.com\/?rfsn=7429509.6a8340&amp;utm_source=refersion&amp;utm_medium=affiliate&amp;utm_campaign=7429509.6a8340\" target=\"_blank\" rel=\"noreferrer noopener\">Visitar Sitio<\/a><\/div>\n<\/div>\n\n\n\n<figure class=\"wp-block-video aligncenter\"><video height=\"720\" style=\"aspect-ratio: 1280 \/ 720;\" width=\"1280\" controls src=\"https:\/\/casadeterror.com\/wp-content\/uploads\/2023\/08\/Fantasmas-1.mp4\"><\/video><\/figure>\n","protected":false},"excerpt":{"rendered":"<p>AtmosFX crea decoraciones que inspiran y empoderan a las personas para decorar de manera audaz y creativa; compartiendo en las numerosas celebraciones m\u00e1gicas de la vida. AtmosFX es una empresa con sede en Seattle que aspira a cambiar dr\u00e1sticamente la forma en que las personas decoran sus hogares, oficinas, y pr\u00e1cticamente cualquier lugar, para festividades, fiestas y ocasiones especiales de todas las formas y tama\u00f1os. A trav\u00e9s del uso de personajes bellamente animados, historias, efectos visuales y atm\u00f3sferas, las Decoraciones Digitales AtmosFX son una manera ingeniosa y f\u00e1cil de decorar en cualquier lugar, en cualquier \u00e9poca del a\u00f1o. Infinitamente vers\u00e1til y entretenido, AtmosFX ofrece una variedad de decoraciones innovadoras de calidad hollywoodense que pueden ser vistas en cualquier televisor o monitor, y proyectadas en superficies como ventanas, paredes, \u00a1incluso en el aire mismo!<\/p>\n","protected":false},"author":1,"featured_media":0,"parent":0,"menu_order":0,"comment_status":"closed","ping_status":"closed","template":"","meta":{"footnotes":""},"class_list":["post-63","page","type-page","status-publish","hentry"],"acf":[],"_links":{"self":[{"href":"https:\/\/casadeterror.com\/index.php?rest_route=\/wp\/v2\/pages\/63","targetHints":{"allow":["GET"]}}],"collection":[{"href":"https:\/\/casadeterror.com\/index.php?rest_route=\/wp\/v2\/pages"}],"about":[{"href":"https:\/\/casadeterror.com\/index.php?rest_route=\/wp\/v2\/types\/page"}],"author":[{"embeddable":true,"href":"https:\/\/casadeterror.com\/index.php?rest_route=\/wp\/v2\/users\/1"}],"replies":[{"embeddable":true,"href":"https:\/\/casadeterror.com\/index.php?rest_route=%2Fwp%2Fv2%2Fcomments&post=63"}],"version-history":[{"count":11,"href":"https:\/\/casadeterror.com\/index.php?rest_route=\/wp\/v2\/pages\/63\/revisions"}],"predecessor-version":[{"id":784,"href":"https:\/\/casadeterror.com\/index.php?rest_route=\/wp\/v2\/pages\/63\/revisions\/784"}],"wp:attachment":[{"href":"https:\/\/casadeterror.com\/index.php?rest_route=%2Fwp%2Fv2%2Fmedia&parent=63"}],"curies":[{"name":"wp","href":"https:\/\/api.w.org\/{rel}","templated":true}]}}