{"id":68,"date":"2023-08-31T00:17:00","date_gmt":"2023-08-31T00:17:00","guid":{"rendered":"https:\/\/casadeterror.com\/?page_id=68"},"modified":"2023-09-01T20:27:00","modified_gmt":"2023-09-01T20:27:00","slug":"halloween-costumes","status":"publish","type":"page","link":"https:\/\/casadeterror.com\/?page_id=68","title":{"rendered":"Disfraces"},"content":{"rendered":"<div class=\"wp-block-image\">\n<figure class=\"aligncenter size-full is-resized\"><a href=\"https:\/\/www.halloweencostumes.com\/?referrer=6N3BUXUFGP\" target=\"_blank\" rel=\"noreferrer noopener\"><img loading=\"lazy\" decoding=\"async\" src=\"https:\/\/casadeterror.com\/wp-content\/uploads\/2023\/08\/Halloween_Costumes.com_.png\" alt=\"\" class=\"wp-image-69\" style=\"width:490px;height:490px\" width=\"490\" height=\"490\" srcset=\"https:\/\/casadeterror.com\/wp-content\/uploads\/2023\/08\/Halloween_Costumes.com_.png 500w, https:\/\/casadeterror.com\/wp-content\/uploads\/2023\/08\/Halloween_Costumes.com_-300x300.png 300w, https:\/\/casadeterror.com\/wp-content\/uploads\/2023\/08\/Halloween_Costumes.com_-150x150.png 150w, https:\/\/casadeterror.com\/wp-content\/uploads\/2023\/08\/Halloween_Costumes.com_-210x210.png 210w\" sizes=\"auto, (max-width: 490px) 100vw, 490px\" \/><\/a><\/figure>\n<\/div>\n\n\n<p>HalloweenCostumes.com es la mayor tienda en l\u00ednea exclusiva de disfraces en el mundo. Con m\u00e1s de 10,000 disfraces y 3,500 exclusivos, ofrecen productos incre\u00edbles que no se encuentran en ning\u00fan otro lugar.<\/p>\n\n\n\n<p>Suena grandioso, \u00bfverdad? Pero creas o no, hay incluso m\u00e1s que eso. S\u00ed, tienen una gran cantidad de disfraces, pero el n\u00famero no es lo importante. Lo crucial es que fabrican y ofrecen los 10,000 de esos disfraces y accesorios con inclusi\u00f3n en mente.<\/p>\n\n\n\n<figure class=\"wp-block-gallery has-nested-images columns-default is-cropped wp-block-gallery-1 is-layout-flex wp-block-gallery-is-layout-flex\">\n<figure class=\"wp-block-image size-large\"><img loading=\"lazy\" decoding=\"async\" width=\"500\" height=\"714\" data-id=\"71\" src=\"https:\/\/casadeterror.com\/wp-content\/uploads\/2023\/08\/adult-dark-jester-costume.jpg\" alt=\"\" class=\"wp-image-71\" srcset=\"https:\/\/casadeterror.com\/wp-content\/uploads\/2023\/08\/adult-dark-jester-costume.jpg 500w, https:\/\/casadeterror.com\/wp-content\/uploads\/2023\/08\/adult-dark-jester-costume-210x300.jpg 210w, https:\/\/casadeterror.com\/wp-content\/uploads\/2023\/08\/adult-dark-jester-costume-147x210.jpg 147w\" sizes=\"auto, (max-width: 500px) 100vw, 500px\" \/><\/figure>\n\n\n\n<figure class=\"wp-block-image size-large\"><img loading=\"lazy\" decoding=\"async\" width=\"500\" height=\"714\" data-id=\"70\" src=\"https:\/\/casadeterror.com\/wp-content\/uploads\/2023\/08\/adult-deluxe-freddy-costume-sweater-main-upd.jpg\" alt=\"\" class=\"wp-image-70\" srcset=\"https:\/\/casadeterror.com\/wp-content\/uploads\/2023\/08\/adult-deluxe-freddy-costume-sweater-main-upd.jpg 500w, https:\/\/casadeterror.com\/wp-content\/uploads\/2023\/08\/adult-deluxe-freddy-costume-sweater-main-upd-210x300.jpg 210w, https:\/\/casadeterror.com\/wp-content\/uploads\/2023\/08\/adult-deluxe-freddy-costume-sweater-main-upd-147x210.jpg 147w\" sizes=\"auto, (max-width: 500px) 100vw, 500px\" \/><\/figure>\n\n\n\n<figure class=\"wp-block-image size-large\"><img loading=\"lazy\" decoding=\"async\" width=\"500\" height=\"714\" data-id=\"73\" src=\"https:\/\/casadeterror.com\/wp-content\/uploads\/2023\/08\/adult-killer-clown-costume.jpg\" alt=\"\" class=\"wp-image-73\" srcset=\"https:\/\/casadeterror.com\/wp-content\/uploads\/2023\/08\/adult-killer-clown-costume.jpg 500w, https:\/\/casadeterror.com\/wp-content\/uploads\/2023\/08\/adult-killer-clown-costume-210x300.jpg 210w, https:\/\/casadeterror.com\/wp-content\/uploads\/2023\/08\/adult-killer-clown-costume-147x210.jpg 147w\" sizes=\"auto, (max-width: 500px) 100vw, 500px\" \/><\/figure>\n\n\n\n<figure class=\"wp-block-image size-large\"><img loading=\"lazy\" decoding=\"async\" width=\"500\" height=\"714\" data-id=\"74\" src=\"https:\/\/casadeterror.com\/wp-content\/uploads\/2023\/08\/bigfoot-plus-size-update-1.jpg\" alt=\"\" class=\"wp-image-74\" srcset=\"https:\/\/casadeterror.com\/wp-content\/uploads\/2023\/08\/bigfoot-plus-size-update-1.jpg 500w, https:\/\/casadeterror.com\/wp-content\/uploads\/2023\/08\/bigfoot-plus-size-update-1-210x300.jpg 210w, https:\/\/casadeterror.com\/wp-content\/uploads\/2023\/08\/bigfoot-plus-size-update-1-147x210.jpg 147w\" sizes=\"auto, (max-width: 500px) 100vw, 500px\" \/><\/figure>\n\n\n\n<figure class=\"wp-block-image size-large\"><img loading=\"lazy\" decoding=\"async\" width=\"500\" height=\"714\" data-id=\"72\" src=\"https:\/\/casadeterror.com\/wp-content\/uploads\/2023\/08\/ghost-pirate-costume.jpg\" alt=\"\" class=\"wp-image-72\" srcset=\"https:\/\/casadeterror.com\/wp-content\/uploads\/2023\/08\/ghost-pirate-costume.jpg 500w, https:\/\/casadeterror.com\/wp-content\/uploads\/2023\/08\/ghost-pirate-costume-210x300.jpg 210w, https:\/\/casadeterror.com\/wp-content\/uploads\/2023\/08\/ghost-pirate-costume-147x210.jpg 147w\" sizes=\"auto, (max-width: 500px) 100vw, 500px\" \/><\/figure>\n\n\n\n<figure class=\"wp-block-image size-large\"><img loading=\"lazy\" decoding=\"async\" width=\"500\" height=\"714\" data-id=\"75\" src=\"https:\/\/casadeterror.com\/wp-content\/uploads\/2023\/08\/mens-killer-in-the-cornfield-costume.jpg\" alt=\"\" class=\"wp-image-75\" srcset=\"https:\/\/casadeterror.com\/wp-content\/uploads\/2023\/08\/mens-killer-in-the-cornfield-costume.jpg 500w, https:\/\/casadeterror.com\/wp-content\/uploads\/2023\/08\/mens-killer-in-the-cornfield-costume-210x300.jpg 210w, https:\/\/casadeterror.com\/wp-content\/uploads\/2023\/08\/mens-killer-in-the-cornfield-costume-147x210.jpg 147w\" sizes=\"auto, (max-width: 500px) 100vw, 500px\" \/><\/figure>\n<\/figure>\n\n\n\n<p>Las personas pueden confiar en HalloweenCostumes.com para encontrar disfraces para todas las edades, desde beb\u00e9s hasta personas mayores, todos los tipos de cuerpo, intereses, estilos y expresiones de grandeza, sue\u00f1os e imaginaci\u00f3n que se puedan imaginar. Incluso las mascotas encontrar\u00e1n disfraces dignos del &#8216;gram aqu\u00ed en HalloweenCostumes.com. Cuando dicen que sus productos son para todos, realmente lo dicen en serio.<\/p>\n\n\n\n<p>Pero esto no significa que no tengan algunos disfraces exclusivos, tambi\u00e9n. Tienen miles de ellos, de hecho. Sus disfraces &#8220;Hechos por Nosotros&#8221; incluyen productos exclusivos con licencia oficial de la cultura pop del pasado y del presente. Nuevos y nost\u00e1lgicos, no se pueden encontrar en ning\u00fan otro lugar m\u00e1s que aqu\u00ed.<\/p>\n\n\n\n<p>Entonces, \u00bfqu\u00e9 significa su nombre? Se enorgullecen de llamarse HalloweenCostumes.com porque aman todo lo relacionado con Halloween, y esto se refleja en todo lo que hacen. Ese esp\u00edritu de Halloween, lleno de diversi\u00f3n, misterio y transformaci\u00f3n \u00e9pica, no deber\u00eda limitarse a una \u00fanica temporada&#8230; creen que deber\u00eda formar parte de la vida durante todo el a\u00f1o.<\/p>\n\n\n\n<p>Los disfraces que ofrecen son perfectos para los ni\u00f1os a quienes les encanta jugar a disfrazarse y pretender, para los estudiantes que est\u00e1n en el centro de atenci\u00f3n en una presentaci\u00f3n escolar, y para cualquier ocasi\u00f3n teatral, ya que sus disfraces &#8220;Hechos por Nosotros&#8221; lucen magn\u00edficos en cualquier escenario. \u00a1Bravo!<\/p>\n\n\n\n<p>Aunque por su nombre est\u00e1 claro cu\u00e1l es su festividad favorita, realmente aman todas las extravagancias festivas a lo largo del a\u00f1o. Tienen disfraces para el D\u00eda de San Patricio, Purim, Navidad y muchas otras festividades, desde opciones tradicionales hasta sumamente divertidas, para pr\u00e1cticamente todas las festividades alrededor del mundo.<\/p>\n\n\n\n<p>En serio, sin importar el momento, la raz\u00f3n o la persona, las personas que descubren HalloweenCostumes.com pueden ver que la compa\u00f1\u00eda est\u00e1 ah\u00ed para inspirarlos a mantener esa actitud memorable e irresistible de Halloween, sin importar d\u00f3nde vayan. \u00a1Halloween por siempre!<\/p>\n\n\n\n<div class=\"wp-block-buttons is-content-justification-center is-layout-flex wp-container-core-buttons-is-layout-16018d1d wp-block-buttons-is-layout-flex\">\n<div class=\"wp-block-button\"><a class=\"wp-block-button__link wp-element-button\" href=\"https:\/\/www.halloweencostumes.com\/?referrer=6N3BUXUFGP\" target=\"_blank\" rel=\"noreferrer noopener\">Visitar Sitio<\/a><\/div>\n<\/div>\n","protected":false},"excerpt":{"rendered":"<p>HalloweenCostumes.com es la mayor tienda en l\u00ednea exclusiva de disfraces en el mundo. Con m\u00e1s de 10,000 disfraces y 3,500 exclusivos, ofrecen productos incre\u00edbles que no se encuentran en ning\u00fan otro lugar. Suena grandioso, \u00bfverdad? Pero creas o no, hay incluso m\u00e1s que eso. S\u00ed, tienen una gran cantidad de disfraces, pero el n\u00famero no es lo importante. Lo crucial es que fabrican y ofrecen los 10,000 de esos disfraces y accesorios con inclusi\u00f3n en mente. Las personas pueden confiar en HalloweenCostumes.com para encontrar disfraces para todas las edades, desde beb\u00e9s hasta personas mayores, todos los tipos de cuerpo, intereses, estilos y expresiones de grandeza, sue\u00f1os e imaginaci\u00f3n que se puedan imaginar. Incluso las mascotas encontrar\u00e1n disfraces dignos del &#8216;gram aqu\u00ed en HalloweenCostumes.com. Cuando dicen que sus productos son para todos, realmente lo dicen en serio. Pero esto no significa que no tengan algunos disfraces exclusivos, tambi\u00e9n. Tienen miles de ellos, de hecho. Sus disfraces &#8220;Hechos por Nosotros&#8221; incluyen productos exclusivos con licencia oficial de la cultura pop del pasado y del presente. Nuevos y nost\u00e1lgicos, no se pueden encontrar en ning\u00fan otro lugar m\u00e1s que aqu\u00ed. Entonces, \u00bfqu\u00e9 significa su nombre? Se enorgullecen de llamarse HalloweenCostumes.com porque aman todo lo relacionado con Halloween, y esto se refleja en todo lo que hacen. Ese esp\u00edritu de Halloween, lleno de diversi\u00f3n, misterio y transformaci\u00f3n \u00e9pica, no deber\u00eda limitarse a una \u00fanica temporada&#8230; creen que deber\u00eda formar parte de la vida durante todo el a\u00f1o. Los disfraces que ofrecen son perfectos para los ni\u00f1os a quienes les encanta jugar a disfrazarse y pretender, para los estudiantes que est\u00e1n en el centro de atenci\u00f3n en una presentaci\u00f3n escolar, y para cualquier ocasi\u00f3n teatral, ya que sus disfraces &#8220;Hechos por Nosotros&#8221; lucen magn\u00edficos en cualquier escenario. \u00a1Bravo! Aunque por su nombre est\u00e1 claro cu\u00e1l es su festividad favorita, realmente aman todas las extravagancias festivas a lo largo del a\u00f1o. Tienen disfraces para el D\u00eda de San Patricio, Purim, Navidad y muchas otras festividades, desde opciones tradicionales hasta sumamente divertidas, para pr\u00e1cticamente todas las festividades alrededor del mundo. En serio, sin importar el momento, la raz\u00f3n o la persona, las personas que descubren HalloweenCostumes.com pueden ver que la compa\u00f1\u00eda est\u00e1 ah\u00ed para inspirarlos a mantener esa actitud memorable e irresistible de Halloween, sin importar d\u00f3nde vayan. \u00a1Halloween por siempre!<\/p>\n","protected":false},"author":1,"featured_media":0,"parent":0,"menu_order":0,"comment_status":"closed","ping_status":"closed","template":"","meta":{"footnotes":""},"class_list":["post-68","page","type-page","status-publish","hentry"],"acf":[],"_links":{"self":[{"href":"https:\/\/casadeterror.com\/index.php?rest_route=\/wp\/v2\/pages\/68","targetHints":{"allow":["GET"]}}],"collection":[{"href":"https:\/\/casadeterror.com\/index.php?rest_route=\/wp\/v2\/pages"}],"about":[{"href":"https:\/\/casadeterror.com\/index.php?rest_route=\/wp\/v2\/types\/page"}],"author":[{"embeddable":true,"href":"https:\/\/casadeterror.com\/index.php?rest_route=\/wp\/v2\/users\/1"}],"replies":[{"embeddable":true,"href":"https:\/\/casadeterror.com\/index.php?rest_route=%2Fwp%2Fv2%2Fcomments&post=68"}],"version-history":[{"count":4,"href":"https:\/\/casadeterror.com\/index.php?rest_route=\/wp\/v2\/pages\/68\/revisions"}],"predecessor-version":[{"id":507,"href":"https:\/\/casadeterror.com\/index.php?rest_route=\/wp\/v2\/pages\/68\/revisions\/507"}],"wp:attachment":[{"href":"https:\/\/casadeterror.com\/index.php?rest_route=%2Fwp%2Fv2%2Fmedia&parent=68"}],"curies":[{"name":"wp","href":"https:\/\/api.w.org\/{rel}","templated":true}]}}