{"id":697,"date":"2023-09-05T19:29:12","date_gmt":"2023-09-05T19:29:12","guid":{"rendered":"https:\/\/casadeterror.com\/?page_id=697"},"modified":"2023-09-05T19:43:09","modified_gmt":"2023-09-05T19:43:09","slug":"reglas-para-los-visitantes","status":"publish","type":"page","link":"https:\/\/casadeterror.com\/?page_id=697","title":{"rendered":"Reglas para los Visitantes"},"content":{"rendered":"<div class=\"wp-block-image\">\n<figure class=\"aligncenter size-large is-resized\"><img loading=\"lazy\" decoding=\"async\" src=\"https:\/\/casadeterror.com\/wp-content\/uploads\/2023\/09\/Untitled-73-1024x1024.png\" alt=\"\" class=\"wp-image-721\" style=\"width:244px;height:244px\" width=\"244\" height=\"244\" srcset=\"https:\/\/casadeterror.com\/wp-content\/uploads\/2023\/09\/Untitled-73-1024x1024.png 1024w, https:\/\/casadeterror.com\/wp-content\/uploads\/2023\/09\/Untitled-73-300x300.png 300w, https:\/\/casadeterror.com\/wp-content\/uploads\/2023\/09\/Untitled-73-150x150.png 150w, https:\/\/casadeterror.com\/wp-content\/uploads\/2023\/09\/Untitled-73-768x768.png 768w, https:\/\/casadeterror.com\/wp-content\/uploads\/2023\/09\/Untitled-73-640x640.png 640w, https:\/\/casadeterror.com\/wp-content\/uploads\/2023\/09\/Untitled-73-75x75.png 75w, https:\/\/casadeterror.com\/wp-content\/uploads\/2023\/09\/Untitled-73-50x50.png 50w, https:\/\/casadeterror.com\/wp-content\/uploads\/2023\/09\/Untitled-73-560x560.png 560w, https:\/\/casadeterror.com\/wp-content\/uploads\/2023\/09\/Untitled-73.png 1080w\" sizes=\"auto, (max-width: 244px) 100vw, 244px\" \/><\/figure>\n<\/div>\n\n\n<ul class=\"wp-block-list\">\n<li><strong>Sigue las instrucciones:<\/strong>&nbsp;Escucha y sigue las instrucciones proporcionadas por el personal de la casa de terror. Estas instrucciones pueden incluir normas de seguridad, pautas de comportamiento y cualquier otra indicaci\u00f3n relevante.<\/li>\n\n\n\n<li><strong>No toques al personal o a los actores:&nbsp;<\/strong>Evita tocar o agarrar al personal, actores disfrazados o cualquier elemento dentro de la casa de terror, a menos que se indique espec\u00edficamente lo contrario. Respeta el espacio personal de los dem\u00e1s y evita acciones que puedan ser consideradas intrusivas o peligrosas.<\/li>\n\n\n\n<li><strong>No corras ni empujes:&nbsp;<\/strong>Mant\u00e9n un ritmo adecuado mientras caminas por la casa de terror. No corras ni empujes a otros visitantes, ya que esto podr\u00eda causar accidentes o lesiones.<\/li>\n\n\n\n<li><strong>No uses dispositivos electr\u00f3nicos:&nbsp;<\/strong>Evita el uso de dispositivos electr\u00f3nicos como tel\u00e9fonos m\u00f3viles, c\u00e1maras o grabadoras dentro de la casa de terror, a menos que se permita expresamente. Estos dispositivos pueden distraerte y afectar la experiencia tanto para ti como para los dem\u00e1s visitantes.<\/li>\n\n\n\n<li><strong>Respeta las restricciones de edad y salud:&nbsp;<\/strong>Algunas casas de terror pueden tener restricciones de edad o salud debido a la intensidad de la experiencia. Aseg\u00farate de cumplir con estas restricciones y considera tu propia salud y bienestar antes de participar en una casa de terror.<\/li>\n\n\n\n<li><strong>No reveles sorpresas o secretos:&nbsp;<\/strong>No arruines la experiencia para otros visitantes revelando sorpresas o secretos sobre los sustos o efectos especiales que puedan encontrarse dentro de la casa de terror. Respeta la emoci\u00f3n y la anticipaci\u00f3n de los dem\u00e1s visitantes.<\/li>\n\n\n\n<li><strong>No consumas alcohol o drogas:<\/strong>&nbsp;Evita el consumo de alcohol o drogas antes o durante tu visita a una casa de terror. Estas sustancias pueden afectar tu juicio y tu seguridad, y pueden interferir con tu capacidad de disfrutar y participar plenamente en la experiencia.<\/li>\n<\/ul>\n","protected":false},"excerpt":{"rendered":"","protected":false},"author":1,"featured_media":0,"parent":0,"menu_order":0,"comment_status":"closed","ping_status":"closed","template":"","meta":{"footnotes":""},"class_list":["post-697","page","type-page","status-publish","hentry"],"acf":[],"_links":{"self":[{"href":"https:\/\/casadeterror.com\/index.php?rest_route=\/wp\/v2\/pages\/697","targetHints":{"allow":["GET"]}}],"collection":[{"href":"https:\/\/casadeterror.com\/index.php?rest_route=\/wp\/v2\/pages"}],"about":[{"href":"https:\/\/casadeterror.com\/index.php?rest_route=\/wp\/v2\/types\/page"}],"author":[{"embeddable":true,"href":"https:\/\/casadeterror.com\/index.php?rest_route=\/wp\/v2\/users\/1"}],"replies":[{"embeddable":true,"href":"https:\/\/casadeterror.com\/index.php?rest_route=%2Fwp%2Fv2%2Fcomments&post=697"}],"version-history":[{"count":2,"href":"https:\/\/casadeterror.com\/index.php?rest_route=\/wp\/v2\/pages\/697\/revisions"}],"predecessor-version":[{"id":722,"href":"https:\/\/casadeterror.com\/index.php?rest_route=\/wp\/v2\/pages\/697\/revisions\/722"}],"wp:attachment":[{"href":"https:\/\/casadeterror.com\/index.php?rest_route=%2Fwp%2Fv2%2Fmedia&parent=697"}],"curies":[{"name":"wp","href":"https:\/\/api.w.org\/{rel}","templated":true}]}}