{"id":699,"date":"2023-09-05T19:29:33","date_gmt":"2023-09-05T19:29:33","guid":{"rendered":"https:\/\/casadeterror.com\/?page_id=699"},"modified":"2023-09-05T19:29:33","modified_gmt":"2023-09-05T19:29:33","slug":"propaganda","status":"publish","type":"page","link":"https:\/\/casadeterror.com\/?page_id=699","title":{"rendered":"Propaganda"},"content":{"rendered":"\n<ul class=\"wp-block-list\">\n<li><strong>Meses antes del evento:&nbsp;<\/strong>Si est\u00e1s planificando una casa de terror para una fecha especial, como Halloween, es recomendable iniciar la promoci\u00f3n con al menos dos o tres meses de anticipaci\u00f3n. Esto permitir\u00e1 que el p\u00fablico objetivo tome conocimiento de tu evento y planifique su asistencia con anticipaci\u00f3n.<\/li>\n\n\n\n<li><strong>Eventos anteriores:&nbsp;<\/strong>Si has realizado una casa de terror en a\u00f1os anteriores y tienes una base de seguidores o clientes habituales, puedes comenzar a promocionar el evento aproximadamente un mes antes de la fecha programada. Esto permitir\u00e1 recordarles a tus seguidores que el evento se acerca y generar expectativa entre ellos.<\/li>\n\n\n\n<li><strong>D\u00edas o semanas antes:&nbsp;<\/strong>Si tu casa de terror es un evento m\u00e1s peque\u00f1o o local, puedes comenzar con la promoci\u00f3n publicitaria unos pocos d\u00edas o semanas antes de la fecha programada. Esto te permitir\u00e1 aprovechar el impulso y la emoci\u00f3n cercana al evento para atraer a los visitantes.<\/li>\n<\/ul>\n","protected":false},"excerpt":{"rendered":"","protected":false},"author":1,"featured_media":0,"parent":0,"menu_order":0,"comment_status":"closed","ping_status":"closed","template":"","meta":{"footnotes":""},"class_list":["post-699","page","type-page","status-publish","hentry"],"acf":[],"_links":{"self":[{"href":"https:\/\/casadeterror.com\/index.php?rest_route=\/wp\/v2\/pages\/699","targetHints":{"allow":["GET"]}}],"collection":[{"href":"https:\/\/casadeterror.com\/index.php?rest_route=\/wp\/v2\/pages"}],"about":[{"href":"https:\/\/casadeterror.com\/index.php?rest_route=\/wp\/v2\/types\/page"}],"author":[{"embeddable":true,"href":"https:\/\/casadeterror.com\/index.php?rest_route=\/wp\/v2\/users\/1"}],"replies":[{"embeddable":true,"href":"https:\/\/casadeterror.com\/index.php?rest_route=%2Fwp%2Fv2%2Fcomments&post=699"}],"version-history":[{"count":1,"href":"https:\/\/casadeterror.com\/index.php?rest_route=\/wp\/v2\/pages\/699\/revisions"}],"predecessor-version":[{"id":700,"href":"https:\/\/casadeterror.com\/index.php?rest_route=\/wp\/v2\/pages\/699\/revisions\/700"}],"wp:attachment":[{"href":"https:\/\/casadeterror.com\/index.php?rest_route=%2Fwp%2Fv2%2Fmedia&parent=699"}],"curies":[{"name":"wp","href":"https:\/\/api.w.org\/{rel}","templated":true}]}}