{"id":705,"date":"2023-09-05T19:31:32","date_gmt":"2023-09-05T19:31:32","guid":{"rendered":"https:\/\/casadeterror.com\/?page_id=705"},"modified":"2023-09-05T19:39:29","modified_gmt":"2023-09-05T19:39:29","slug":"duracion-de-recorridos","status":"publish","type":"page","link":"https:\/\/casadeterror.com\/?page_id=705","title":{"rendered":"Duraci\u00f3n de Recorridos"},"content":{"rendered":"\n<p>La duraci\u00f3n del recorrido en tu casa de terror depender\u00e1 de varios factores, como el tama\u00f1o del espacio, la cantidad de escenas o habitaciones tem\u00e1ticas que tengas y la experiencia que desees ofrecer a tus visitantes. Aqu\u00ed tienes algunas pautas generales que podr\u00edas considerar:<\/p>\n\n\n<div class=\"wp-block-image\">\n<figure class=\"aligncenter size-large is-resized\"><img loading=\"lazy\" decoding=\"async\" src=\"https:\/\/casadeterror.com\/wp-content\/uploads\/2023\/09\/Untitled-71-1024x1024.png\" alt=\"\" class=\"wp-image-719\" style=\"width:226px;height:226px\" width=\"226\" height=\"226\" srcset=\"https:\/\/casadeterror.com\/wp-content\/uploads\/2023\/09\/Untitled-71-1024x1024.png 1024w, https:\/\/casadeterror.com\/wp-content\/uploads\/2023\/09\/Untitled-71-300x300.png 300w, https:\/\/casadeterror.com\/wp-content\/uploads\/2023\/09\/Untitled-71-150x150.png 150w, https:\/\/casadeterror.com\/wp-content\/uploads\/2023\/09\/Untitled-71-768x768.png 768w, https:\/\/casadeterror.com\/wp-content\/uploads\/2023\/09\/Untitled-71-640x640.png 640w, https:\/\/casadeterror.com\/wp-content\/uploads\/2023\/09\/Untitled-71-75x75.png 75w, https:\/\/casadeterror.com\/wp-content\/uploads\/2023\/09\/Untitled-71-50x50.png 50w, https:\/\/casadeterror.com\/wp-content\/uploads\/2023\/09\/Untitled-71-560x560.png 560w, https:\/\/casadeterror.com\/wp-content\/uploads\/2023\/09\/Untitled-71.png 1080w\" sizes=\"auto, (max-width: 226px) 100vw, 226px\" \/><\/figure>\n<\/div>\n\n\n<ul class=\"wp-block-list\">\n<li><strong>Entre 10 y 20 minutos: <\/strong>Esta es una duraci\u00f3n t\u00edpica para recorridos de casas de terror m\u00e1s cortos o con menos habitaciones. Si tu objetivo es brindar una experiencia r\u00e1pida pero intensa, puedes dise\u00f1ar un recorrido que se complete en este rango de tiempo.<\/li>\n\n\n\n<li><strong>Entre 20 y 30 minutos: <\/strong>Este rango de duraci\u00f3n es com\u00fan para la mayor\u00eda de las casas de terror. Te permitir\u00e1 incluir una cantidad adecuada de habitaciones tem\u00e1ticas y escenas de terror, lo que brinda a los visitantes una experiencia m\u00e1s completa.<\/li>\n\n\n\n<li><strong>Entre 30 y 45 minutos: <\/strong>Si deseas ofrecer una experiencia m\u00e1s extensa y detallada, puedes considerar un recorrido m\u00e1s largo. Esto te permitir\u00e1 desarrollar historias m\u00e1s elaboradas, incluir interacciones o efectos especiales adicionales y sumergir a los visitantes en un ambiente m\u00e1s inmersivo.<\/li>\n<\/ul>\n\n\n\n<p>Es importante recordar que, independientemente de la duraci\u00f3n del recorrido, la calidad y el impacto de las escenas y la experiencia general son fundamentales. Aseg\u00farate de mantener un ritmo adecuado, ofrecer variedad en las habitaciones y mantener la atenci\u00f3n de los visitantes a lo largo de todo el recorrido. Tambi\u00e9n es importante considerar el flujo de personas y garantizar que haya suficiente tiempo entre grupos para evitar aglomeraciones y permitir que cada visitante disfrute plenamente de la experiencia.<\/p>\n","protected":false},"excerpt":{"rendered":"<p>La duraci\u00f3n del recorrido en tu casa de terror depender\u00e1 de varios factores, como el tama\u00f1o del espacio, la cantidad de escenas o habitaciones tem\u00e1ticas que tengas y la experiencia que desees ofrecer a tus visitantes. Aqu\u00ed tienes algunas pautas generales que podr\u00edas considerar: Es importante recordar que, independientemente de la duraci\u00f3n del recorrido, la calidad y el impacto de las escenas y la experiencia general son fundamentales. Aseg\u00farate de mantener un ritmo adecuado, ofrecer variedad en las habitaciones y mantener la atenci\u00f3n de los visitantes a lo largo de todo el recorrido. Tambi\u00e9n es importante considerar el flujo de personas y garantizar que haya suficiente tiempo entre grupos para evitar aglomeraciones y permitir que cada visitante disfrute plenamente de la experiencia.<\/p>\n","protected":false},"author":1,"featured_media":0,"parent":0,"menu_order":0,"comment_status":"closed","ping_status":"closed","template":"","meta":{"footnotes":""},"class_list":["post-705","page","type-page","status-publish","hentry"],"acf":[],"_links":{"self":[{"href":"https:\/\/casadeterror.com\/index.php?rest_route=\/wp\/v2\/pages\/705","targetHints":{"allow":["GET"]}}],"collection":[{"href":"https:\/\/casadeterror.com\/index.php?rest_route=\/wp\/v2\/pages"}],"about":[{"href":"https:\/\/casadeterror.com\/index.php?rest_route=\/wp\/v2\/types\/page"}],"author":[{"embeddable":true,"href":"https:\/\/casadeterror.com\/index.php?rest_route=\/wp\/v2\/users\/1"}],"replies":[{"embeddable":true,"href":"https:\/\/casadeterror.com\/index.php?rest_route=%2Fwp%2Fv2%2Fcomments&post=705"}],"version-history":[{"count":2,"href":"https:\/\/casadeterror.com\/index.php?rest_route=\/wp\/v2\/pages\/705\/revisions"}],"predecessor-version":[{"id":720,"href":"https:\/\/casadeterror.com\/index.php?rest_route=\/wp\/v2\/pages\/705\/revisions\/720"}],"wp:attachment":[{"href":"https:\/\/casadeterror.com\/index.php?rest_route=%2Fwp%2Fv2%2Fmedia&parent=705"}],"curies":[{"name":"wp","href":"https:\/\/api.w.org\/{rel}","templated":true}]}}